{"id":1410,"date":"2021-04-19T15:29:20","date_gmt":"2021-04-19T13:29:20","guid":{"rendered":"http:\/\/udlejerforeningen-svendborg.dk\/?page_id=1410"},"modified":"2025-05-06T13:40:11","modified_gmt":"2025-05-06T11:40:11","slug":"indmeldelse","status":"publish","type":"page","link":"https:\/\/udlejerforeningen-svendborg.dk\/?page_id=1410","title":{"rendered":"Indmeldelse"},"content":{"rendered":"<div class=\"fusion-fullwidth fullwidth-box fusion-builder-row-1 fusion-flex-container nonhundred-percent-fullwidth non-hundred-percent-height-scrolling\" style=\"background-color: #ffffff;background-position: center center;background-repeat: no-repeat;border-width: 0px 0px 0px 0px;border-color:#eae9e9;border-style:solid;\" ><div class=\"fusion-builder-row fusion-row fusion-flex-align-items-flex-start\" style=\"max-width:1289.6px;margin-left: calc(-4% \/ 2 );margin-right: calc(-4% \/ 2 );\"><div class=\"fusion-layout-column fusion_builder_column fusion-builder-column-0 fusion_builder_column_1_1 1_1 fusion-flex-column\"><div class=\"fusion-column-wrapper fusion-flex-justify-content-flex-start fusion-content-layout-column\" style=\"background-position:left top;background-repeat:no-repeat;-webkit-background-size:cover;-moz-background-size:cover;-o-background-size:cover;background-size:cover;padding: 0px 0px 0px 0px;\"><div class=\"fusion-text fusion-text-1\" style=\"transform:translate3d(0,0,0);\"><h1 data-fontsize=\"34\" data-lineheight=\"47.6px\" class=\"fusion-responsive-typography-calculated\" style=\"--fontSize:34; line-height: 1.4;\">Indmeldelse<\/h1>\n<p style=\"--fontSize:34; line-height: 1.4;\"><b><span style=\"color: var(--body_typography-color); font-family: var(--body_typography-font-family); font-size: var(--body_typography-font-size); font-style: var(--body_typography-font-style,normal); letter-spacing: var(--body_typography-letter-spacing);\"><span data-fusion-font=\"true\" style=\"font-size: 18px;\">BLIV MEDLEM AF UDLEJERFORENINGEN SVENDBORG<\/span><br \/><\/span><span style=\"color: var(--body_typography-color); font-family: var(--body_typography-font-family); font-size: 18px; font-style: var(--body_typography-font-style,normal); letter-spacing: var(--body_typography-letter-spacing);\" data-fusion-font=\"true\">og dermed automatisk medlem af Danske Udlejere.<\/span><\/b><\/p>\n<p>Prisen for medlemskabet er kr. 1000,- fra og med 2026.<br \/>Kontingentet g\u00e6lder for kalender\u00e5ret og  fornyes automatisk hvert \u00e5r i december for det efterf\u00f8lgende kalender\u00e5r, hvis Udlejerforeningen ikke senest ved udgangen af november har modtaget en skriftlig opsigelse. <br \/>Det \u00e5rlige kontingent opkr\u00e6ves i januar m\u00e5ned.<\/p>\n<p>For dette kontingent f\u00e5r du f\u00f8lgende fordele:<\/p>\n<ul>\n<li>3 \u2013 4 \u00e5rlige g\u00e5 hjem m\u00f8der \/ kurser omhandlende bl. a. daglige problemer vedr\u00f8rende udlejning<\/li>\n<li>(der serveres sandwich, vand, \u00f8l, kaffe og kage)<\/li>\n<li>Gratis telefonisk r\u00e5dgivning vedr\u00f8rende lejeforhold.<\/li>\n<li>Adgang til bedre og billigere forsikringsordning med Alm. Brand<\/li>\n<li>Magasinet Danske Udlejere 10 gange om \u00e5ret<\/li>\n<li>Adgang til portalen &#8211; www.ledigehjem.dk \u2013 gratis for udlejere og lejere<\/li>\n<li>Adgang til alle opdaterede n\u00f8dvendige formularer i forbindelse med udlejning<\/li>\n<li>Fordelagtige leverand\u00f8raftaler.<\/li>\n<li>og meget andet<\/li>\n<\/ul>\n<p><strong>INDMELD DIG ALLEREDE I DAG via links herunder:<\/strong><\/p>\n<p>Udlejerforeningen Svendborg er prim\u00e6rt en forening for private udlejere af ejendomme og boligenheder p\u00e5 hele Fyn. <br \/>Som medlem kan optages enhver fysisk- eller juridisk person, herunder offentlig myndighed, der har relation til ejendomsbranchen.<\/p>\n<p><u><b><a href=\"https:\/\/3222.foreninglet.dk\/memberportal\/subscribe\/index\/83821\" target=\"_blank\" rel=\"noopener noreferrer\" style=\"font-family: var(--body_typography-font-family); font-size: var(--body_typography-font-size); font-style: var(--body_typography-font-style,normal); letter-spacing: var(--body_typography-letter-spacing);\"><span data-fusion-font=\"true\" style=\"font-size: 22px;\">INDMELD DIG HER<\/span><\/a><span style=\"color: var(--body_typography-color); font-family: var(--body_typography-font-family); font-size: 22px; font-style: var(--body_typography-font-style,normal); letter-spacing: var(--body_typography-letter-spacing);\" data-fusion-font=\"true\">.<\/span><\/b><\/u><\/p>\n<\/div><\/div><\/div><style type=\"text\/css\">.fusion-body .fusion-builder-column-0{width:100% !important;margin-top : 0px;margin-bottom : 20px;}.fusion-builder-column-0 > .fusion-column-wrapper {padding-top : 0px !important;padding-right : 0px !important;margin-right : 1.92%;padding-bottom : 0px !important;padding-left : 0px !important;margin-left : 1.92%;}@media only screen and (max-width:1024px) {.fusion-body .fusion-builder-column-0{width:100% !important;order : 0;}.fusion-builder-column-0 > .fusion-column-wrapper {margin-right : 1.92%;margin-left : 1.92%;}}@media only screen and (max-width:640px) {.fusion-body .fusion-builder-column-0{width:100% !important;order : 0;}.fusion-builder-column-0 > .fusion-column-wrapper {margin-right : 1.92%;margin-left : 1.92%;}}<\/style><\/div><style type=\"text\/css\">.fusion-body .fusion-flex-container.fusion-builder-row-1{ padding-top : 0px;margin-top : 0px;padding-right : 0px;padding-bottom : 0px;margin-bottom : 0px;padding-left : 0px;}<\/style><\/div>\n","protected":false},"excerpt":{"rendered":"","protected":false},"author":1,"featured_media":0,"parent":1362,"menu_order":0,"comment_status":"closed","ping_status":"closed","template":"","meta":{"footnotes":""},"class_list":["post-1410","page","type-page","status-publish","hentry"],"_links":{"self":[{"href":"https:\/\/udlejerforeningen-svendborg.dk\/index.php?rest_route=\/wp\/v2\/pages\/1410","targetHints":{"allow":["GET"]}}],"collection":[{"href":"https:\/\/udlejerforeningen-svendborg.dk\/index.php?rest_route=\/wp\/v2\/pages"}],"about":[{"href":"https:\/\/udlejerforeningen-svendborg.dk\/index.php?rest_route=\/wp\/v2\/types\/page"}],"author":[{"embeddable":true,"href":"https:\/\/udlejerforeningen-svendborg.dk\/index.php?rest_route=\/wp\/v2\/users\/1"}],"replies":[{"embeddable":true,"href":"https:\/\/udlejerforeningen-svendborg.dk\/index.php?rest_route=%2Fwp%2Fv2%2Fcomments&post=1410"}],"version-history":[{"count":19,"href":"https:\/\/udlejerforeningen-svendborg.dk\/index.php?rest_route=\/wp\/v2\/pages\/1410\/revisions"}],"predecessor-version":[{"id":1649,"href":"https:\/\/udlejerforeningen-svendborg.dk\/index.php?rest_route=\/wp\/v2\/pages\/1410\/revisions\/1649"}],"up":[{"embeddable":true,"href":"https:\/\/udlejerforeningen-svendborg.dk\/index.php?rest_route=\/wp\/v2\/pages\/1362"}],"wp:attachment":[{"href":"https:\/\/udlejerforeningen-svendborg.dk\/index.php?rest_route=%2Fwp%2Fv2%2Fmedia&parent=1410"}],"curies":[{"name":"wp","href":"https:\/\/api.w.org\/{rel}","templated":true}]}}